{"id":11,"date":"2020-11-10T11:32:14","date_gmt":"2020-11-10T11:32:14","guid":{"rendered":"https:\/\/staging.pflege-schrage.de\/?page_id=11"},"modified":"2024-03-16T20:08:13","modified_gmt":"2024-03-16T20:08:13","slug":"ueber-uns","status":"publish","type":"page","link":"https:\/\/pflege-schrage.de\/index.php\/ueber-uns\/","title":{"rendered":"\u00dcber uns"},"content":{"rendered":"\t\t<div data-elementor-type=\"wp-page\" data-elementor-id=\"11\" class=\"elementor elementor-11\" data-elementor-post-type=\"page\">\n\t\t\t\t\t\t<section class=\"elementor-section elementor-top-section elementor-element elementor-element-4b1361ff elementor-section-full_width elementor-section-height-min-height elementor-section-items-stretch elementor-section-content-middle elementor-reverse-mobile elementor-reverse-tablet elementor-section-height-default\" data-id=\"4b1361ff\" data-element_type=\"section\" data-e-type=\"section\">\n\t\t\t\t\t\t<div class=\"elementor-container elementor-column-gap-no\">\n\t\t\t\t\t<div class=\"elementor-column elementor-col-50 elementor-top-column elementor-element elementor-element-36948019\" data-id=\"36948019\" data-element_type=\"column\" data-e-type=\"column\">\n\t\t\t<div class=\"elementor-widget-wrap elementor-element-populated\">\n\t\t\t\t\t\t<div class=\"elementor-element elementor-element-1d6759fc animated-fast elementor-invisible elementor-widget elementor-widget-heading\" data-id=\"1d6759fc\" data-element_type=\"widget\" data-e-type=\"widget\" data-settings=\"{&quot;_animation&quot;:&quot;fadeIn&quot;}\" data-widget_type=\"heading.default\">\n\t\t\t\t<div class=\"elementor-widget-container\">\n\t\t\t\t\t<h1 class=\"elementor-heading-title elementor-size-default\">Pflegedienst Andreas Schrage<\/h1>\t\t\t\t<\/div>\n\t\t\t\t<\/div>\n\t\t\t\t<div class=\"elementor-element elementor-element-2321d0eb elementor-invisible elementor-widget elementor-widget-heading\" data-id=\"2321d0eb\" data-element_type=\"widget\" data-e-type=\"widget\" data-settings=\"{&quot;_animation&quot;:&quot;fadeIn&quot;}\" data-widget_type=\"heading.default\">\n\t\t\t\t<div class=\"elementor-widget-container\">\n\t\t\t\t\t<h4 class=\"elementor-heading-title elementor-size-default\">Psychiatriefachpflege Kranken-\nund Altenpflege<\/h4>\t\t\t\t<\/div>\n\t\t\t\t<\/div>\n\t\t\t\t<div class=\"elementor-element elementor-element-40dbeedf elementor-invisible elementor-widget elementor-widget-text-editor\" data-id=\"40dbeedf\" data-element_type=\"widget\" data-e-type=\"widget\" data-settings=\"{&quot;_animation&quot;:&quot;fadeIn&quot;}\" data-widget_type=\"text-editor.default\">\n\t\t\t\t<div class=\"elementor-widget-container\">\n\t\t\t\t\t\t\t\t\t<p class=\"bodytext\">Pflege eines geliebten Menschen ist f\u00fcr Familienangeh\u00f6rige eine Herausforderung, die oft nicht alleine zu bew\u00e4ltigen ist. Unser flexibler Einsatz und unsere individuelle Betreuung helfen Ihnen bei der Bew\u00e4ltigung des Alltags.<\/p><p class=\"bodytext\">Wir wissen, dass es oft eine \u00dcberwindung ist, einen fremden Menschen um Hilfe zu bitten. Doch z\u00f6gern Sie nicht, wir unterst\u00fctzen Sie gerne und sind jederzeit &#8211; ob Tag oder Nacht &#8211; bereit, den H\u00f6rer abzunehmen und Ihnen zu helfen.<\/p><p class=\"bodytext\">Rufen Sie uns mit der Gewissheit an, dass wir Ihnen helfen und Sie entlasten k\u00f6nnen.<\/p><p class=\"bodytext\"><i><b>Wir haben eine Zulassung und einen Versorgungsvertrag mit allen Kranken- und Pflegekassen und k\u00f6nnen somit f\u00fcr all unsere Kunden etwas tun.<\/b><\/i><\/p>\t\t\t\t\t\t\t\t<\/div>\n\t\t\t\t<\/div>\n\t\t\t\t<div class=\"elementor-element elementor-element-3330e458 elementor-view-stacked elementor-shape-square elementor-widget__width-auto elementor-absolute elementor-hidden-phone animated-slow elementor-invisible elementor-widget elementor-widget-icon\" data-id=\"3330e458\" data-element_type=\"widget\" data-e-type=\"widget\" data-settings=\"{&quot;_position&quot;:&quot;absolute&quot;,&quot;_animation&quot;:&quot;fadeInDown&quot;,&quot;_animation_delay&quot;:&quot;500&quot;}\" data-widget_type=\"icon.default\">\n\t\t\t\t<div class=\"elementor-widget-container\">\n\t\t\t\t\t\t\t<div class=\"elementor-icon-wrapper\">\n\t\t\t<a class=\"elementor-icon\" href=\"#credentials\">\n\t\t\t<svg xmlns=\"http:\/\/www.w3.org\/2000\/svg\" id=\"f25b46f8-6104-47c9-8f1f-d4f0f5a5a4ab\" data-name=\"Layer 1\" viewBox=\"0 0 29.6836 21.0205\"><g id=\"a26fc822-5ffa-4744-a954-69ee883c57fc\" data-name=\"Page-1\"><g id=\"e7225c7b-e0fd-4e80-862e-e0b5dc4817dd\" data-name=\"Homepage\"><g id=\"ff265e74-3d0d-41f0-8578-c6f49acc811d\" data-name=\"Hero-Section\"><g id=\"f51052c6-0c6f-4c17-be34-45f176eaa2d4\" data-name=\"Arrow\"><g id=\"feb9d568-7c65-469c-be1c-4c66f6fe508c\" data-name=\"Group-4\"><g id=\"bc1b2d43-18f4-4c4a-9ddb-f8784f1f793b\" data-name=\"Group-3\"><g id=\"ebcd3d89-a5d2-4028-bcf3-30228da45525\" data-name=\"Path-5\"><polygon points=\"14.63 21.021 0 10.824 0.572 10.004 14.638 19.808 29.123 10 29.684 10.828 14.63 21.021\"><\/polygon><\/g><\/g><g id=\"b8abb5e9-6116-405e-a9bd-8494dc15aaf6\" data-name=\"Group-3-Copy\"><g id=\"b94158a1-d237-43ab-9444-47634c5b7092\" data-name=\"Path-5\"><polygon points=\"14.63 11.021 0 0.824 0.572 0.004 14.638 9.808 29.123 0 29.684 0.828 14.63 11.021\"><\/polygon><\/g><\/g><\/g><\/g><\/g><\/g><\/g><\/svg>\t\t\t<\/a>\n\t\t<\/div>\n\t\t\t\t\t\t<\/div>\n\t\t\t\t<\/div>\n\t\t\t\t\t<\/div>\n\t\t<\/div>\n\t\t\t\t<div class=\"elementor-column elementor-col-50 elementor-top-column elementor-element elementor-element-777265b6\" data-id=\"777265b6\" data-element_type=\"column\" data-e-type=\"column\" data-settings=\"{&quot;background_background&quot;:&quot;classic&quot;}\">\n\t\t\t<div class=\"elementor-widget-wrap elementor-element-populated\">\n\t\t\t\t\t\t<div class=\"elementor-element elementor-element-78b20ccf elementor-widget elementor-widget-spacer\" data-id=\"78b20ccf\" data-element_type=\"widget\" data-e-type=\"widget\" data-widget_type=\"spacer.default\">\n\t\t\t\t<div class=\"elementor-widget-container\">\n\t\t\t\t\t\t\t<div class=\"elementor-spacer\">\n\t\t\t<div class=\"elementor-spacer-inner\"><\/div>\n\t\t<\/div>\n\t\t\t\t\t\t<\/div>\n\t\t\t\t<\/div>\n\t\t\t\t\t<\/div>\n\t\t<\/div>\n\t\t\t\t\t<\/div>\n\t\t<\/section>\n\t\t\t\t<section class=\"elementor-section elementor-top-section elementor-element elementor-element-56ecbe7d elementor-section-items-stretch elementor-section-content-bottom elementor-section-height-min-height elementor-section-boxed elementor-section-height-default\" data-id=\"56ecbe7d\" data-element_type=\"section\" data-e-type=\"section\" id=\"credentials\">\n\t\t\t\t\t\t<div class=\"elementor-container elementor-column-gap-no\">\n\t\t\t\t\t<div class=\"elementor-column elementor-col-100 elementor-top-column elementor-element elementor-element-3b71d8be\" data-id=\"3b71d8be\" data-element_type=\"column\" data-e-type=\"column\" data-settings=\"{&quot;background_background&quot;:&quot;classic&quot;}\">\n\t\t\t<div class=\"elementor-widget-wrap elementor-element-populated\">\n\t\t\t\t\t\t<div class=\"elementor-element elementor-element-28a9609b elementor-invisible elementor-widget elementor-widget-heading\" data-id=\"28a9609b\" data-element_type=\"widget\" data-e-type=\"widget\" data-settings=\"{&quot;_animation&quot;:&quot;fadeInUp&quot;,&quot;_animation_mobile&quot;:&quot;none&quot;}\" data-widget_type=\"heading.default\">\n\t\t\t\t<div class=\"elementor-widget-container\">\n\t\t\t\t\t<h2 class=\"elementor-heading-title elementor-size-default\">2 Mal im Raum Wuppertal<\/h2>\t\t\t\t<\/div>\n\t\t\t\t<\/div>\n\t\t\t\t<section class=\"elementor-section elementor-inner-section elementor-element elementor-element-2e6945f3 elementor-section-full_width elementor-section-height-default elementor-section-height-default\" data-id=\"2e6945f3\" data-element_type=\"section\" data-e-type=\"section\">\n\t\t\t\t\t\t<div class=\"elementor-container elementor-column-gap-no\">\n\t\t\t\t\t<div class=\"elementor-column elementor-col-25 elementor-inner-column elementor-element elementor-element-9007dad\" data-id=\"9007dad\" data-element_type=\"column\" data-e-type=\"column\">\n\t\t\t<div class=\"elementor-widget-wrap\">\n\t\t\t\t\t\t\t<\/div>\n\t\t<\/div>\n\t\t\t\t<div class=\"elementor-column elementor-col-25 elementor-inner-column elementor-element elementor-element-c32028c animated-fast elementor-invisible\" data-id=\"c32028c\" data-element_type=\"column\" data-e-type=\"column\" data-settings=\"{&quot;animation&quot;:&quot;fadeIn&quot;,&quot;animation_delay&quot;:&quot;200&quot;,&quot;animation_mobile&quot;:&quot;none&quot;}\">\n\t\t\t<div class=\"elementor-widget-wrap elementor-element-populated\">\n\t\t\t\t\t\t<div class=\"elementor-element elementor-element-36a5ab9b elementor-widget elementor-widget-heading\" data-id=\"36a5ab9b\" data-element_type=\"widget\" data-e-type=\"widget\" data-widget_type=\"heading.default\">\n\t\t\t\t<div class=\"elementor-widget-container\">\n\t\t\t\t\t<h3 class=\"elementor-heading-title elementor-size-default\">Wuppertal<\/h3>\t\t\t\t<\/div>\n\t\t\t\t<\/div>\n\t\t\t\t<div class=\"elementor-element elementor-element-16cfe4a1 elementor-widget-divider--view-line elementor-widget elementor-widget-divider\" data-id=\"16cfe4a1\" data-element_type=\"widget\" data-e-type=\"widget\" data-widget_type=\"divider.default\">\n\t\t\t\t<div class=\"elementor-widget-container\">\n\t\t\t\t\t\t\t<div class=\"elementor-divider\">\n\t\t\t<span class=\"elementor-divider-separator\">\n\t\t\t\t\t\t<\/span>\n\t\t<\/div>\n\t\t\t\t\t\t<\/div>\n\t\t\t\t<\/div>\n\t\t\t\t<div class=\"elementor-element elementor-element-58ad4195 elementor-invisible elementor-widget elementor-widget-text-editor\" data-id=\"58ad4195\" data-element_type=\"widget\" data-e-type=\"widget\" data-settings=\"{&quot;_animation&quot;:&quot;fadeIn&quot;}\" data-widget_type=\"text-editor.default\">\n\t\t\t\t<div class=\"elementor-widget-container\">\n\t\t\t\t\t\t\t\t\t<ul><li>Ambulanter Fachpflegedienst Andreas Schrage GmbH<\/li><\/ul><div>\u00a0<\/div><ul><li>Unterer Grifflenberg 35a<\/li><li>42119 Wuppertal<\/li><li>Tel: 0202 980 70 83<\/li><li>Fax: 0202 980 70 84<\/li><li><a href=\"mailto:info@pflege-schrage.de\">info@pflege-schrage.de<\/a><\/li><\/ul>\t\t\t\t\t\t\t\t<\/div>\n\t\t\t\t<\/div>\n\t\t\t\t\t<\/div>\n\t\t<\/div>\n\t\t\t\t<div class=\"elementor-column elementor-col-25 elementor-inner-column elementor-element elementor-element-748f6fbf animated-fast elementor-invisible\" data-id=\"748f6fbf\" data-element_type=\"column\" data-e-type=\"column\" data-settings=\"{&quot;animation&quot;:&quot;fadeIn&quot;,&quot;animation_delay&quot;:&quot;600&quot;,&quot;animation_mobile&quot;:&quot;none&quot;}\">\n\t\t\t<div class=\"elementor-widget-wrap elementor-element-populated\">\n\t\t\t\t\t\t<div class=\"elementor-element elementor-element-d7fe321 elementor-widget elementor-widget-heading\" data-id=\"d7fe321\" data-element_type=\"widget\" data-e-type=\"widget\" data-widget_type=\"heading.default\">\n\t\t\t\t<div class=\"elementor-widget-container\">\n\t\t\t\t\t<h3 class=\"elementor-heading-title elementor-size-default\">Velbert<\/h3>\t\t\t\t<\/div>\n\t\t\t\t<\/div>\n\t\t\t\t<div class=\"elementor-element elementor-element-4101d5d elementor-widget-divider--view-line elementor-widget elementor-widget-divider\" data-id=\"4101d5d\" data-element_type=\"widget\" data-e-type=\"widget\" data-widget_type=\"divider.default\">\n\t\t\t\t<div class=\"elementor-widget-container\">\n\t\t\t\t\t\t\t<div class=\"elementor-divider\">\n\t\t\t<span class=\"elementor-divider-separator\">\n\t\t\t\t\t\t<\/span>\n\t\t<\/div>\n\t\t\t\t\t\t<\/div>\n\t\t\t\t<\/div>\n\t\t\t\t<div class=\"elementor-element elementor-element-7080337 elementor-invisible elementor-widget elementor-widget-text-editor\" data-id=\"7080337\" data-element_type=\"widget\" data-e-type=\"widget\" data-settings=\"{&quot;_animation&quot;:&quot;fadeIn&quot;}\" data-widget_type=\"text-editor.default\">\n\t\t\t\t<div class=\"elementor-widget-container\">\n\t\t\t\t\t\t\t\t\t<ul><li>Pflegedienst Andreas Schrage GmbH<\/li><\/ul><div>\u00a0<\/div><ul><li>Hauptstra\u00dfe 108<\/li><li>42555 Velbert<\/li><li>Tel: 02052 92 72 65<\/li><li>Fax: 02052 92 72 66<\/li><\/ul>\t\t\t\t\t\t\t\t<\/div>\n\t\t\t\t<\/div>\n\t\t\t\t\t<\/div>\n\t\t<\/div>\n\t\t\t\t<div class=\"elementor-column elementor-col-25 elementor-inner-column elementor-element elementor-element-6764c3fe animated-fast elementor-invisible\" data-id=\"6764c3fe\" data-element_type=\"column\" data-e-type=\"column\" data-settings=\"{&quot;animation&quot;:&quot;fadeIn&quot;,&quot;animation_delay&quot;:&quot;400&quot;,&quot;animation_mobile&quot;:&quot;none&quot;}\">\n\t\t\t<div class=\"elementor-widget-wrap\">\n\t\t\t\t\t\t\t<\/div>\n\t\t<\/div>\n\t\t\t\t\t<\/div>\n\t\t<\/section>\n\t\t\t\t\t<\/div>\n\t\t<\/div>\n\t\t\t\t\t<\/div>\n\t\t<\/section>\n\t\t\t\t<\/div>\n\t\t","protected":false},"excerpt":{"rendered":"<p>Pflegedienst Andreas Schrage Psychiatriefachpflege Kranken- und Altenpflege Pflege eines geliebten Menschen ist f\u00fcr Familienangeh\u00f6rige eine Herausforderung, die oft nicht alleine zu bew\u00e4ltigen ist. Unser flexibler Einsatz und unsere individuelle Betreuung helfen Ihnen bei der Bew\u00e4ltigung des Alltags. Wir wissen, dass es oft eine \u00dcberwindung ist, einen fremden Menschen um Hilfe zu bitten. Doch z\u00f6gern Sie [&hellip;]<\/p>\n","protected":false},"author":1,"featured_media":0,"parent":0,"menu_order":0,"comment_status":"closed","ping_status":"closed","template":"elementor_header_footer","meta":{"footnotes":""},"class_list":["post-11","page","type-page","status-publish","hentry"],"_links":{"self":[{"href":"https:\/\/pflege-schrage.de\/index.php\/wp-json\/wp\/v2\/pages\/11","targetHints":{"allow":["GET"]}}],"collection":[{"href":"https:\/\/pflege-schrage.de\/index.php\/wp-json\/wp\/v2\/pages"}],"about":[{"href":"https:\/\/pflege-schrage.de\/index.php\/wp-json\/wp\/v2\/types\/page"}],"author":[{"embeddable":true,"href":"https:\/\/pflege-schrage.de\/index.php\/wp-json\/wp\/v2\/users\/1"}],"replies":[{"embeddable":true,"href":"https:\/\/pflege-schrage.de\/index.php\/wp-json\/wp\/v2\/comments?post=11"}],"version-history":[{"count":31,"href":"https:\/\/pflege-schrage.de\/index.php\/wp-json\/wp\/v2\/pages\/11\/revisions"}],"predecessor-version":[{"id":392,"href":"https:\/\/pflege-schrage.de\/index.php\/wp-json\/wp\/v2\/pages\/11\/revisions\/392"}],"wp:attachment":[{"href":"https:\/\/pflege-schrage.de\/index.php\/wp-json\/wp\/v2\/media?parent=11"}],"curies":[{"name":"wp","href":"https:\/\/api.w.org\/{rel}","templated":true}]}}